{"id":6,"date":"2025-02-26T20:50:50","date_gmt":"2025-02-26T20:50:50","guid":{"rendered":"https:\/\/fundacionloslagos.cl\/?page_id=6"},"modified":"2025-02-26T22:29:47","modified_gmt":"2025-02-26T22:29:47","slug":"region-los-lagos","status":"publish","type":"page","link":"https:\/\/fundacionloslagos.cl\/?page_id=6","title":{"rendered":"Regi\u00f3n Los Lagos"},"content":{"rendered":"\n<div class=\"wp-block-stackable-columns aligncenter stk-block-columns stk-block stk-378a2d0\" data-block-id=\"378a2d0\"><style>.stk-378a2d0-column{justify-content:center !important;}<\/style><div class=\"stk-row stk-inner-blocks has-text-align-center stk-block-content stk-content-align stk-378a2d0-column stk--flex\">\n<div class=\"wp-block-stackable-column stk-block-column stk-column stk-block stk-79875ac stk-block-background\" data-v=\"4\" data-block-id=\"79875ac\"><style>.stk-79875ac {background-color:var(--theme-palette-color-8, #ffffff) !important;padding-top:64px !important;padding-bottom:64px !important;}.stk-79875ac:before{background-color:var(--theme-palette-color-8, #ffffff) !important;}<\/style><div class=\"stk-column-wrapper stk-block-column__content stk-container stk-79875ac-container stk--no-background stk--no-padding\"><div class=\"has-text-align-center stk-block-content stk-inner-blocks stk-79875ac-inner-blocks\">\n<div class=\"wp-block-stackable-image stk-block-image stk-block stk-afeae5f\" data-block-id=\"afeae5f\"><figure><span class=\"stk-img-wrapper stk-image--shape-stretch\"><img loading=\"lazy\" decoding=\"async\" class=\"stk-img wp-image-1447\" src=\"https:\/\/fundacionloslagos.cl\/wp-content\/uploads\/2025\/02\/Rio-Negro-Halaihe-Los-Lagos-Bosque-Nativo2.png\" width=\"1141\" height=\"529\" srcset=\"https:\/\/fundacionloslagos.cl\/wp-content\/uploads\/2025\/02\/Rio-Negro-Halaihe-Los-Lagos-Bosque-Nativo2.png 1141w, https:\/\/fundacionloslagos.cl\/wp-content\/uploads\/2025\/02\/Rio-Negro-Halaihe-Los-Lagos-Bosque-Nativo2-300x139.png 300w, https:\/\/fundacionloslagos.cl\/wp-content\/uploads\/2025\/02\/Rio-Negro-Halaihe-Los-Lagos-Bosque-Nativo2-1024x475.png 1024w, https:\/\/fundacionloslagos.cl\/wp-content\/uploads\/2025\/02\/Rio-Negro-Halaihe-Los-Lagos-Bosque-Nativo2-768x356.png 768w\" sizes=\"auto, (max-width: 1141px) 100vw, 1141px\" \/><\/span><\/figure><\/div>\n\n\n\n<div class=\"wp-block-stackable-heading stk-block-heading stk-block-heading--v2 stk-block stk-61fb2b0\" id=\"naturaleza-biodiversidad-los-lagos\" data-block-id=\"61fb2b0\"><style>.stk-61fb2b0 {margin-bottom:0px !important;}.stk-61fb2b0 .stk-block-heading__text{font-size:16px !important;}@media screen and (max-width:999px){.stk-61fb2b0 .stk-block-heading__text{font-size:16px !important;}}<\/style><h2 class=\"stk-block-heading__text\">Naturaleza &#8211; biodiversidad: Los Lagos<\/h2><\/div>\n\n\n\n<div class=\"wp-block-stackable-text stk-block-text stk-block stk-9327963\" data-block-id=\"9327963\"><p class=\"stk-block-text__text\">R\u00edo Negro, Hualaihu\u00e9; Los Lagos.<br>Bosque Nativo<br>Renoval<br>Ubicaci\u00f3n: -41.9517  -72.4912<\/p><\/div>\n<\/div><a class=\"stk-link stk-block-link stk--transparent-overlay\" href=\"https:\/\/www.google.com\/maps\/search\/-41.951032,+-72.490470?entry=tts&amp;g_ep=EgoyMDI1MDIyMy4xIPu8ASoASAFQAw%3D%3D\" aria-hidden=\"true\" tabindex=\"-1\" target=\"_blank\" rel=\"noreferrer noopener\"><\/a><\/div><\/div>\n<\/div><\/div>\n\n\n\n<div class=\"wp-block-stackable-columns stk-block-columns stk-block stk-4648391\" data-block-id=\"4648391\"><style>.stk-4648391 .stk--block-align-4648391{align-items:center !important;}.stk-4648391-column{--stk-columns-spacing:5px !important;--stk-column-gap:0.5px !important;}@media screen and (max-width:689px){.stk-4648391-column{--stk-columns-spacing:1px !important;--stk-column-gap:0px !important;}}<\/style><div class=\"stk-row stk-inner-blocks has-text-align-center stk--block-align-4648391 stk-block-content stk-content-align stk-4648391-column\">\n<div class=\"wp-block-stackable-column stk-block-column stk-column stk-block stk-d053646\" data-v=\"4\" data-block-id=\"d053646\"><style>.stk-d053646 {overflow:hidden !important;border-style:solid !important;border-color:var(--theme-palette-color-8, #ffffff) !important;border-top-width:0px !important;border-right-width:0.5px !important;border-bottom-width:0px !important;border-left-width:0px !important;}@media screen and (min-width:690px) and (max-width:999px){.stk-d053646 {flex:var(--stk-flex-grow, 1) 1 calc(50% - var(--stk-column-gap, 0px) * 1 \/ 2 ) !important;}}@media screen and (max-width:689px){.stk-d053646 {flex:var(--stk-flex-grow, 1) 1 calc(25% - var(--stk-column-gap, 0px) * 3 \/ 4 ) !important;}.stk-d053646-container{padding-top:0px !important;padding-right:0px !important;padding-bottom:0px !important;padding-left:0px !important;}}<\/style><div class=\"stk-column-wrapper stk-block-column__content stk-container stk-d053646-container stk--no-background stk--no-padding\"><div class=\"stk-block-content stk-inner-blocks stk-d053646-inner-blocks\">\n<div class=\"wp-block-stackable-button-group stk-block-button-group stk-block stk-eab042a\" data-block-id=\"eab042a\"><style>.stk-eab042a .stk-button-group{flex-direction:row !important;align-items:center !important;}.stk-eab042a .stk-block{flex-basis:0 !important;}.stk-eab042a .stk-block-button, .stk-eab042a .stk-block-icon-button{flex:1 0 0% !important;}.stk-eab042a {border-top-left-radius:2px !important;border-top-right-radius:2px !important;border-bottom-right-radius:2px !important;border-bottom-left-radius:2px !important;overflow:hidden !important;}@media screen and (max-width:689px){.stk-eab042a .stk-button-group{flex-direction:row !important;align-items:center !important;}.stk-eab042a .stk-block{flex-basis:0 !important;}}<\/style><div class=\"stk-row stk-inner-blocks has-text-align-center stk-block-content stk-button-group\">\n<div class=\"wp-block-stackable-button stk-block-button has-text-align-center stk-block stk-f153d46\" data-block-id=\"f153d46\"><style>.stk-f153d46 .stk-button{background:#82a048 !important;}.stk-f153d46 .stk-button__inner-text{font-size:18px !important;color:var(--theme-palette-color-6, #F2F7F6) !important;}@media screen and (max-width:999px){.stk-f153d46 .stk-button__inner-text{font-size:18px !important;}}@media screen and (max-width:689px){.stk-f153d46 .stk-button{padding-top:20px !important;padding-bottom:20px !important;}.stk-f153d46 .stk-button__inner-text{font-size:14px !important;}}<\/style><a class=\"stk-link stk-button stk--hover-effect-lift-scale-more\" href=\"https:\/\/fundacionloslagos.cl\/?page_id=1175\"><span class=\"has-text-color stk-button__inner-text\">Fundaci\u00f3n<\/span><\/a><\/div>\n<\/div><\/div>\n<\/div><\/div><\/div>\n\n\n\n<div class=\"wp-block-stackable-column stk-block-column stk-column stk-block stk-7c79e00\" data-v=\"4\" data-block-id=\"7c79e00\"><style>.stk-7c79e00 {overflow:hidden !important;border-style:solid !important;border-color:var(--theme-palette-color-8, #ffffff) !important;border-top-width:0px !important;border-right-width:0.5px !important;border-bottom-width:0px !important;border-left-width:0px !important;}@media screen and (min-width:690px) and (max-width:999px){.stk-7c79e00 {flex:var(--stk-flex-grow, 1) 1 calc(50% - var(--stk-column-gap, 0px) * 1 \/ 2 ) !important;}}@media screen and (max-width:689px){.stk-7c79e00 {flex:var(--stk-flex-grow, 1) 1 calc(25% - var(--stk-column-gap, 0px) * 3 \/ 4 ) !important;}.stk-7c79e00-container{padding-top:0px !important;padding-right:0px !important;padding-bottom:0px !important;padding-left:0px !important;}}<\/style><div class=\"stk-column-wrapper stk-block-column__content stk-container stk-7c79e00-container stk--no-background stk--no-padding\"><div class=\"stk-block-content stk-inner-blocks stk-7c79e00-inner-blocks\">\n<div class=\"wp-block-stackable-button-group stk-block-button-group stk-block stk-b5161bb\" data-block-id=\"b5161bb\"><style>.stk-b5161bb .stk-button-group{flex-direction:row !important;align-items:center !important;}.stk-b5161bb .stk-block{flex-basis:0 !important;}.stk-b5161bb .stk-block-button, .stk-b5161bb .stk-block-icon-button{flex:1 0 0% !important;}.stk-b5161bb {border-top-left-radius:2px !important;border-top-right-radius:2px !important;border-bottom-right-radius:2px !important;border-bottom-left-radius:2px !important;overflow:hidden !important;}<\/style><div class=\"stk-row stk-inner-blocks has-text-align-center stk-block-content stk-button-group\">\n<div class=\"wp-block-stackable-button stk-block-button has-text-align-center stk-block stk-a9df18b\" data-block-id=\"a9df18b\"><style>.stk-a9df18b .stk-button{background:#82a048 !important;}.stk-a9df18b .stk-button__inner-text{font-size:18px !important;color:var(--theme-palette-color-6, #F2F7F6) !important;}@media screen and (max-width:999px){.stk-a9df18b .stk-button__inner-text{font-size:18px !important;}}@media screen and (max-width:689px){.stk-a9df18b .stk-button{padding-top:20px !important;padding-bottom:20px !important;}.stk-a9df18b .stk-button__inner-text{font-size:14px !important;}}<\/style><a class=\"stk-link stk-button stk--hover-effect-lift-scale-more\" href=\"https:\/\/fundacionloslagos.cl\/?page_id=1176\"><span class=\"has-text-color stk-button__inner-text\">Directorio<\/span><\/a><\/div>\n<\/div><\/div>\n<\/div><\/div><\/div>\n\n\n\n<div class=\"wp-block-stackable-column stk-block-column stk-column stk-block stk-1655d4f\" data-v=\"4\" data-block-id=\"1655d4f\"><style>.stk-1655d4f {overflow:hidden !important;border-style:solid !important;border-color:var(--theme-palette-color-8, #ffffff) !important;border-top-width:0px !important;border-right-width:0.5px !important;border-bottom-width:0px !important;border-left-width:0px !important;}@media screen and (min-width:690px) and (max-width:999px){.stk-1655d4f {flex:var(--stk-flex-grow, 1) 1 calc(50% - var(--stk-column-gap, 0px) * 1 \/ 2 ) !important;}}@media screen and (max-width:689px){.stk-1655d4f {flex:var(--stk-flex-grow, 1) 1 calc(25% - var(--stk-column-gap, 0px) * 3 \/ 4 ) !important;}.stk-1655d4f-container{padding-top:0px !important;padding-right:0px !important;padding-bottom:0px !important;padding-left:0px !important;}}<\/style><div class=\"stk-column-wrapper stk-block-column__content stk-container stk-1655d4f-container stk--no-background stk--no-padding\"><div class=\"stk-block-content stk-inner-blocks stk-1655d4f-inner-blocks\">\n<div class=\"wp-block-stackable-button-group stk-block-button-group stk-block stk-6aa6f8e\" data-block-id=\"6aa6f8e\"><style>.stk-6aa6f8e .stk-button-group{flex-direction:row !important;align-items:center !important;}.stk-6aa6f8e .stk-block{flex-basis:0 !important;}.stk-6aa6f8e .stk-block-button, .stk-6aa6f8e .stk-block-icon-button{flex:1 0 0% !important;}.stk-6aa6f8e {border-top-left-radius:2px !important;border-top-right-radius:2px !important;border-bottom-right-radius:2px !important;border-bottom-left-radius:2px !important;overflow:hidden !important;}<\/style><div class=\"stk-row stk-inner-blocks has-text-align-center stk-block-content stk-button-group\">\n<div class=\"wp-block-stackable-button stk-block-button has-text-align-center stk-block stk-c76978b\" data-block-id=\"c76978b\"><style>.stk-c76978b .stk-button{background:#82a048 !important;}.stk-c76978b .stk-button__inner-text{font-size:18px !important;color:var(--theme-palette-color-6, #F2F7F6) !important;}@media screen and (max-width:999px){.stk-c76978b .stk-button__inner-text{font-size:18px !important;}}@media screen and (max-width:689px){.stk-c76978b .stk-button{padding-top:20px !important;padding-bottom:20px !important;}.stk-c76978b .stk-button__inner-text{font-size:14px !important;}}<\/style><a class=\"stk-link stk-button stk--hover-effect-lift-scale-more\" href=\"https:\/\/fundacionloslagos.cl\/?page_id=1177\"><span class=\"has-text-color stk-button__inner-text\">V\u00ednculo<\/span><\/a><\/div>\n<\/div><\/div>\n<\/div><\/div><\/div>\n\n\n\n<div class=\"wp-block-stackable-column stk-block-column stk-column stk-block stk-43ece57\" data-v=\"4\" data-block-id=\"43ece57\"><style>.stk-43ece57 {overflow:hidden !important;}@media screen and (min-width:690px) and (max-width:999px){.stk-43ece57 {flex:var(--stk-flex-grow, 1) 1 calc(50% - var(--stk-column-gap, 0px) * 1 \/ 2 ) !important;}}@media screen and (max-width:689px){.stk-43ece57 {flex:var(--stk-flex-grow, 1) 1 calc(25% - var(--stk-column-gap, 0px) * 3 \/ 4 ) !important;}.stk-43ece57-container{padding-top:0px !important;padding-right:0px !important;padding-bottom:0px !important;padding-left:0px !important;}}<\/style><div class=\"stk-column-wrapper stk-block-column__content stk-container stk-43ece57-container stk--no-background stk--no-padding\"><div class=\"stk-block-content stk-inner-blocks stk-43ece57-inner-blocks\">\n<div class=\"wp-block-stackable-button-group stk-block-button-group stk-block stk-1a7a5fb\" data-block-id=\"1a7a5fb\"><style>.stk-1a7a5fb .stk-button-group{flex-direction:row !important;align-items:center !important;}.stk-1a7a5fb .stk-block{flex-basis:0 !important;}.stk-1a7a5fb .stk-block-button, .stk-1a7a5fb .stk-block-icon-button{flex:1 0 0% !important;}.stk-1a7a5fb {border-top-left-radius:2px !important;border-top-right-radius:2px !important;border-bottom-right-radius:2px !important;border-bottom-left-radius:2px !important;overflow:hidden !important;}<\/style><div class=\"stk-row stk-inner-blocks has-text-align-center stk-block-content stk-button-group\">\n<div class=\"wp-block-stackable-button stk-block-button has-text-align-center stk-block stk-6bab40e\" data-block-id=\"6bab40e\"><style>.stk-6bab40e .stk-button{background:#82a048 !important;}.stk-6bab40e .stk-button__inner-text{font-size:18px !important;color:var(--theme-palette-color-6, #F2F7F6) !important;}@media screen and (max-width:999px){.stk-6bab40e .stk-button__inner-text{font-size:18px !important;}}@media screen and (max-width:689px){.stk-6bab40e .stk-button{padding-top:20px !important;padding-bottom:20px !important;}.stk-6bab40e .stk-button__inner-text{font-size:14px !important;}}<\/style><a class=\"stk-link stk-button stk--hover-effect-lift-scale-more\" href=\"https:\/\/fundacionloslagos.cl\/?page_id=1178\"><span class=\"has-text-color stk-button__inner-text\">Contacto<\/span><\/a><\/div>\n<\/div><\/div>\n<\/div><\/div><\/div>\n<\/div><\/div>\n","protected":false},"excerpt":{"rendered":"<p>Naturaleza &#8211; biodiversidad: Los Lagos R\u00edo Negro, Hualaihu\u00e9; Los Lagos.Bosque NativoRenovalUbicaci\u00f3n: -41.9517 -72.4912<\/p>\n","protected":false},"author":1,"featured_media":0,"parent":0,"menu_order":0,"comment_status":"closed","ping_status":"closed","template":"","meta":{"footnotes":""},"class_list":["post-6","page","type-page","status-publish","hentry"],"blocksy_meta":[],"_links":{"self":[{"href":"https:\/\/fundacionloslagos.cl\/index.php?rest_route=\/wp\/v2\/pages\/6","targetHints":{"allow":["GET"]}}],"collection":[{"href":"https:\/\/fundacionloslagos.cl\/index.php?rest_route=\/wp\/v2\/pages"}],"about":[{"href":"https:\/\/fundacionloslagos.cl\/index.php?rest_route=\/wp\/v2\/types\/page"}],"author":[{"embeddable":true,"href":"https:\/\/fundacionloslagos.cl\/index.php?rest_route=\/wp\/v2\/users\/1"}],"replies":[{"embeddable":true,"href":"https:\/\/fundacionloslagos.cl\/index.php?rest_route=%2Fwp%2Fv2%2Fcomments&post=6"}],"version-history":[{"count":29,"href":"https:\/\/fundacionloslagos.cl\/index.php?rest_route=\/wp\/v2\/pages\/6\/revisions"}],"predecessor-version":[{"id":1494,"href":"https:\/\/fundacionloslagos.cl\/index.php?rest_route=\/wp\/v2\/pages\/6\/revisions\/1494"}],"wp:attachment":[{"href":"https:\/\/fundacionloslagos.cl\/index.php?rest_route=%2Fwp%2Fv2%2Fmedia&parent=6"}],"curies":[{"name":"wp","href":"https:\/\/api.w.org\/{rel}","templated":true}]}}